{"id":3744,"date":"2023-02-06T15:58:26","date_gmt":"2023-02-06T20:58:26","guid":{"rendered":"https:\/\/remorqueslabelle.webloft.dev\/produit\/lumiere-de-clignotant-de-cote-avec-support-garde-boue-drive\/"},"modified":"2025-12-30T11:07:19","modified_gmt":"2025-12-30T16:07:19","slug":"support-de-garde-boue-avec-lumiere-cote-chemin-bon-modele","status":"publish","type":"product","link":"https:\/\/remlab10.remorqueslabelle.com\/en\/produit\/support-de-garde-boue-avec-lumiere-cote-chemin-bon-modele\/","title":{"rendered":"SUPPORT DE GARDE BOUE AVEC LUMI\u00c8RE C\u00d4T\u00c9 CHEMIN (BON MOD\u00c8LE)"},"content":{"rendered":"<h1><strong>SUPPORT DE GARDE BOUE AVEC LUMI\u00c8RE C\u00d4T\u00c9 CHEMIN (BON MOD\u00c8LE)<\/strong><\/h1>\n<h3><em>POUR LE C\u00d4T\u00c9 CHAUFFEUR AVEC SUPPORT POUR GARDE-BOUES<\/em><\/h3>\n<p>&nbsp;<\/p>\n<ul>\n<li><span style=\"color: #333399;\"><strong>#PI\u00c8CE :<\/strong><\/span> <span style=\"color: #0000ff;\"><strong>985 3209<\/strong><\/span><\/li>\n<li><span style=\"color: #333399;\"><strong>LOCALISATION :<\/strong><\/span> <span style=\"color: #ff6600;\"><strong>2.10.02.01<\/strong><\/span><\/li>\n<li><span style=\"color: #333399;\"><strong>CAT\u00c9GORIE :<\/strong><\/span>\u00a0<strong>LUMI\u00c8RES<\/strong><\/li>\n<li><span style=\"color: #333399;\"><strong>MARQUE :<\/strong><\/span> <em>Cobra<\/em><\/li>\n<\/ul>\n<p><img decoding=\"async\" class=\"\" src=\"https:\/\/remorqueslabelle.com\/wp-content\/uploads\/2022\/03\/Cobra-375-X-135.png\" alt=\"Remorque Cobra Dumper aluminum| Remorques Labelle\" width=\"196\" height=\"110\" \/><\/p>\n<p>Grande s\u00e9lection de pi\u00e8ces pour remorque de la marque\u00a0<strong>Cobra<\/strong> disponible chez Remorques Labelle! Pour obtenir plus de renseignements sur cette pi\u00e8ce, contactez-nous au\u00a0<strong><span style=\"color: #0000ff;\">450 688-3555<\/span> !<\/strong><\/p>\n","protected":false},"excerpt":{"rendered":"<p>SUPPORT DE GARDE BOUE AVEC LUMI\u00c8RE C\u00d4T\u00c9 CHEMIN (BON MOD\u00c8LE) POUR LE C\u00d4T\u00c9 CHAUFFEUR AVEC SUPPORT POUR GARDE-BOUES &nbsp; #PI\u00c8CE : 985 3209 LOCALISATION : 2.10.02.01 CAT\u00c9GORIE :\u00a0LUMI\u00c8RES MARQUE : [&hellip;]<\/p>\n","protected":false},"featured_media":28604,"comment_status":"closed","ping_status":"closed","template":"","meta":{"_acf_changed":false},"product_cat":[70],"product_tag":[],"class_list":{"0":"post-3744","1":"product","2":"type-product","3":"status-publish","4":"has-post-thumbnail","6":"product_cat-lumieres","8":"first","9":"instock","10":"product-type-simple"},"acf":[],"yoast_head":"<!-- This site is optimized with the Yoast SEO Premium plugin v25.5 (Yoast SEO v25.5) - https:\/\/yoast.com\/wordpress\/plugins\/seo\/ -->\n<title>SUPPORT DE GARDE BOUE AVEC LUMI\u00c8RE C\u00d4T\u00c9 CHEMIN (BON MOD\u00c8LE) | Remorques Labelle<\/title>\n<meta name=\"description\" content=\"LUMI\u00c8RE CLIGNOTANT C\u00d4T\u00c9 CHAUFFEUR | MARQUE COBRA | Pi\u00e8ces pour remorques disponibles chez Remorques Labelle. 450.688.3555\" \/>\n<meta name=\"robots\" content=\"index, follow, max-snippet:-1, max-image-preview:large, max-video-preview:-1\" \/>\n<link rel=\"canonical\" href=\"https:\/\/remlab10.remorqueslabelle.com\/en\/produit\/support-de-garde-boue-avec-lumiere-cote-chemin-bon-modele\/\" \/>\n<meta property=\"og:locale\" content=\"en_US\" \/>\n<meta property=\"og:type\" content=\"article\" \/>\n<meta property=\"og:title\" content=\"SUPPORT DE GARDE BOUE AVEC LUMI\u00c8RE C\u00d4T\u00c9 CHEMIN (BON MOD\u00c8LE)\" \/>\n<meta property=\"og:description\" content=\"LUMI\u00c8RE CLIGNOTANT C\u00d4T\u00c9 CHAUFFEUR | MARQUE COBRA | Pi\u00e8ces pour remorques disponibles chez Remorques Labelle. 450.688.3555\" \/>\n<meta property=\"og:url\" content=\"https:\/\/remlab10.remorqueslabelle.com\/en\/produit\/support-de-garde-boue-avec-lumiere-cote-chemin-bon-modele\/\" \/>\n<meta property=\"og:site_name\" content=\"Remorques Labelle\" \/>\n<meta property=\"article:publisher\" content=\"https:\/\/www.facebook.com\/remorqueslabellelaval\/\" \/>\n<meta property=\"article:modified_time\" content=\"2025-12-30T16:07:19+00:00\" \/>\n<meta property=\"og:image\" content=\"https:\/\/remlab10.remorqueslabelle.com\/wp-content\/uploads\/2023\/02\/9853209.jpg\" \/>\n\t<meta property=\"og:image:width\" content=\"768\" \/>\n\t<meta property=\"og:image:height\" content=\"768\" \/>\n\t<meta property=\"og:image:type\" content=\"image\/jpeg\" \/>\n<meta name=\"twitter:card\" content=\"summary_large_image\" \/>\n<meta name=\"twitter:label1\" content=\"Est. reading time\" \/>\n\t<meta name=\"twitter:data1\" content=\"1 minute\" \/>\n<script type=\"application\/ld+json\" class=\"yoast-schema-graph\">{\"@context\":\"https:\/\/schema.org\",\"@graph\":[{\"@type\":\"WebPage\",\"@id\":\"https:\/\/remlab10.remorqueslabelle.com\/en\/produit\/support-de-garde-boue-avec-lumiere-cote-chemin-bon-modele\/\",\"url\":\"https:\/\/remlab10.remorqueslabelle.com\/en\/produit\/support-de-garde-boue-avec-lumiere-cote-chemin-bon-modele\/\",\"name\":\"SUPPORT DE GARDE BOUE AVEC LUMI\u00c8RE C\u00d4T\u00c9 CHEMIN (BON MOD\u00c8LE) | Remorques Labelle\",\"isPartOf\":{\"@id\":\"https:\/\/remlab10.remorqueslabelle.com\/en\/#website\"},\"primaryImageOfPage\":{\"@id\":\"https:\/\/remlab10.remorqueslabelle.com\/en\/produit\/support-de-garde-boue-avec-lumiere-cote-chemin-bon-modele\/#primaryimage\"},\"image\":{\"@id\":\"https:\/\/remlab10.remorqueslabelle.com\/en\/produit\/support-de-garde-boue-avec-lumiere-cote-chemin-bon-modele\/#primaryimage\"},\"thumbnailUrl\":\"https:\/\/remlab10.remorqueslabelle.com\/wp-content\/uploads\/2023\/02\/9853209.jpg\",\"datePublished\":\"2023-02-06T20:58:26+00:00\",\"dateModified\":\"2025-12-30T16:07:19+00:00\",\"description\":\"LUMI\u00c8RE CLIGNOTANT C\u00d4T\u00c9 CHAUFFEUR | MARQUE COBRA | Pi\u00e8ces pour remorques disponibles chez Remorques Labelle. 450.688.3555\",\"breadcrumb\":{\"@id\":\"https:\/\/remlab10.remorqueslabelle.com\/en\/produit\/support-de-garde-boue-avec-lumiere-cote-chemin-bon-modele\/#breadcrumb\"},\"inLanguage\":\"en-US\",\"potentialAction\":[{\"@type\":\"ReadAction\",\"target\":[\"https:\/\/remlab10.remorqueslabelle.com\/en\/produit\/support-de-garde-boue-avec-lumiere-cote-chemin-bon-modele\/\"]}]},{\"@type\":\"ImageObject\",\"inLanguage\":\"en-US\",\"@id\":\"https:\/\/remlab10.remorqueslabelle.com\/en\/produit\/support-de-garde-boue-avec-lumiere-cote-chemin-bon-modele\/#primaryimage\",\"url\":\"https:\/\/remlab10.remorqueslabelle.com\/wp-content\/uploads\/2023\/02\/9853209.jpg\",\"contentUrl\":\"https:\/\/remlab10.remorqueslabelle.com\/wp-content\/uploads\/2023\/02\/9853209.jpg\",\"width\":768,\"height\":768,\"caption\":\"LUMI\u00c8RE CLIGNOTANT COBRA CHAUFFEUR\"},{\"@type\":\"BreadcrumbList\",\"@id\":\"https:\/\/remlab10.remorqueslabelle.com\/en\/produit\/support-de-garde-boue-avec-lumiere-cote-chemin-bon-modele\/#breadcrumb\",\"itemListElement\":[{\"@type\":\"ListItem\",\"position\":1,\"name\":\"Accueil\",\"item\":\"https:\/\/remlab10.remorqueslabelle.com\/en\/\"},{\"@type\":\"ListItem\",\"position\":2,\"name\":\"SUPPORT DE GARDE BOUE AVEC LUMI\u00c8RE C\u00d4T\u00c9 CHEMIN (BON MOD\u00c8LE)\"}]},{\"@type\":\"WebSite\",\"@id\":\"https:\/\/remlab10.remorqueslabelle.com\/en\/#website\",\"url\":\"https:\/\/remlab10.remorqueslabelle.com\/en\/\",\"name\":\"Remorques Labelle\",\"description\":\"Concessionnaire de remorques\",\"publisher\":{\"@id\":\"https:\/\/remlab10.remorqueslabelle.com\/en\/#organization\"},\"potentialAction\":[{\"@type\":\"SearchAction\",\"target\":{\"@type\":\"EntryPoint\",\"urlTemplate\":\"https:\/\/remlab10.remorqueslabelle.com\/en\/?s={search_term_string}\"},\"query-input\":{\"@type\":\"PropertyValueSpecification\",\"valueRequired\":true,\"valueName\":\"search_term_string\"}}],\"inLanguage\":\"en-US\"},{\"@type\":\"Organization\",\"@id\":\"https:\/\/remlab10.remorqueslabelle.com\/en\/#organization\",\"name\":\"Remorques Labelle\",\"url\":\"https:\/\/remlab10.remorqueslabelle.com\/en\/\",\"logo\":{\"@type\":\"ImageObject\",\"inLanguage\":\"en-US\",\"@id\":\"https:\/\/remlab10.remorqueslabelle.com\/en\/#\/schema\/logo\/image\/\",\"url\":\"https:\/\/remlab10.remorqueslabelle.com\/wp-content\/uploads\/2020\/10\/Remorques-Labelle.png\",\"contentUrl\":\"https:\/\/remlab10.remorqueslabelle.com\/wp-content\/uploads\/2020\/10\/Remorques-Labelle.png\",\"width\":499,\"height\":151,\"caption\":\"Remorques Labelle\"},\"image\":{\"@id\":\"https:\/\/remlab10.remorqueslabelle.com\/en\/#\/schema\/logo\/image\/\"},\"sameAs\":[\"https:\/\/www.facebook.com\/remorqueslabellelaval\/\",\"https:\/\/www.youtube.com\/channel\/UCx1odvVQE7tPhbZhHLThmzQ\",\"https:\/\/www.linkedin.com\/company\/remorques-labelle\/\",\"https:\/\/www.instagram.com\/remorqueslabelle\/\"]}]}<\/script>\n<!-- \/ Yoast SEO Premium plugin. -->","yoast_head_json":{"title":"SUPPORT DE GARDE BOUE AVEC LUMI\u00c8RE C\u00d4T\u00c9 CHEMIN (BON MOD\u00c8LE) | Remorques Labelle","description":"LUMI\u00c8RE CLIGNOTANT C\u00d4T\u00c9 CHAUFFEUR | MARQUE COBRA | Pi\u00e8ces pour remorques disponibles chez Remorques Labelle. 450.688.3555","robots":{"index":"index","follow":"follow","max-snippet":"max-snippet:-1","max-image-preview":"max-image-preview:large","max-video-preview":"max-video-preview:-1"},"canonical":"https:\/\/remlab10.remorqueslabelle.com\/en\/produit\/support-de-garde-boue-avec-lumiere-cote-chemin-bon-modele\/","og_locale":"en_US","og_type":"article","og_title":"SUPPORT DE GARDE BOUE AVEC LUMI\u00c8RE C\u00d4T\u00c9 CHEMIN (BON MOD\u00c8LE)","og_description":"LUMI\u00c8RE CLIGNOTANT C\u00d4T\u00c9 CHAUFFEUR | MARQUE COBRA | Pi\u00e8ces pour remorques disponibles chez Remorques Labelle. 450.688.3555","og_url":"https:\/\/remlab10.remorqueslabelle.com\/en\/produit\/support-de-garde-boue-avec-lumiere-cote-chemin-bon-modele\/","og_site_name":"Remorques Labelle","article_publisher":"https:\/\/www.facebook.com\/remorqueslabellelaval\/","article_modified_time":"2025-12-30T16:07:19+00:00","og_image":[{"width":768,"height":768,"url":"https:\/\/remlab10.remorqueslabelle.com\/wp-content\/uploads\/2023\/02\/9853209.jpg","type":"image\/jpeg"}],"twitter_card":"summary_large_image","twitter_misc":{"Est. reading time":"1 minute"},"schema":{"@context":"https:\/\/schema.org","@graph":[{"@type":"WebPage","@id":"https:\/\/remlab10.remorqueslabelle.com\/en\/produit\/support-de-garde-boue-avec-lumiere-cote-chemin-bon-modele\/","url":"https:\/\/remlab10.remorqueslabelle.com\/en\/produit\/support-de-garde-boue-avec-lumiere-cote-chemin-bon-modele\/","name":"SUPPORT DE GARDE BOUE AVEC LUMI\u00c8RE C\u00d4T\u00c9 CHEMIN (BON MOD\u00c8LE) | Remorques Labelle","isPartOf":{"@id":"https:\/\/remlab10.remorqueslabelle.com\/en\/#website"},"primaryImageOfPage":{"@id":"https:\/\/remlab10.remorqueslabelle.com\/en\/produit\/support-de-garde-boue-avec-lumiere-cote-chemin-bon-modele\/#primaryimage"},"image":{"@id":"https:\/\/remlab10.remorqueslabelle.com\/en\/produit\/support-de-garde-boue-avec-lumiere-cote-chemin-bon-modele\/#primaryimage"},"thumbnailUrl":"https:\/\/remlab10.remorqueslabelle.com\/wp-content\/uploads\/2023\/02\/9853209.jpg","datePublished":"2023-02-06T20:58:26+00:00","dateModified":"2025-12-30T16:07:19+00:00","description":"LUMI\u00c8RE CLIGNOTANT C\u00d4T\u00c9 CHAUFFEUR | MARQUE COBRA | Pi\u00e8ces pour remorques disponibles chez Remorques Labelle. 450.688.3555","breadcrumb":{"@id":"https:\/\/remlab10.remorqueslabelle.com\/en\/produit\/support-de-garde-boue-avec-lumiere-cote-chemin-bon-modele\/#breadcrumb"},"inLanguage":"en-US","potentialAction":[{"@type":"ReadAction","target":["https:\/\/remlab10.remorqueslabelle.com\/en\/produit\/support-de-garde-boue-avec-lumiere-cote-chemin-bon-modele\/"]}]},{"@type":"ImageObject","inLanguage":"en-US","@id":"https:\/\/remlab10.remorqueslabelle.com\/en\/produit\/support-de-garde-boue-avec-lumiere-cote-chemin-bon-modele\/#primaryimage","url":"https:\/\/remlab10.remorqueslabelle.com\/wp-content\/uploads\/2023\/02\/9853209.jpg","contentUrl":"https:\/\/remlab10.remorqueslabelle.com\/wp-content\/uploads\/2023\/02\/9853209.jpg","width":768,"height":768,"caption":"LUMI\u00c8RE CLIGNOTANT COBRA CHAUFFEUR"},{"@type":"BreadcrumbList","@id":"https:\/\/remlab10.remorqueslabelle.com\/en\/produit\/support-de-garde-boue-avec-lumiere-cote-chemin-bon-modele\/#breadcrumb","itemListElement":[{"@type":"ListItem","position":1,"name":"Accueil","item":"https:\/\/remlab10.remorqueslabelle.com\/en\/"},{"@type":"ListItem","position":2,"name":"SUPPORT DE GARDE BOUE AVEC LUMI\u00c8RE C\u00d4T\u00c9 CHEMIN (BON MOD\u00c8LE)"}]},{"@type":"WebSite","@id":"https:\/\/remlab10.remorqueslabelle.com\/en\/#website","url":"https:\/\/remlab10.remorqueslabelle.com\/en\/","name":"Remorques Labelle","description":"Concessionnaire de remorques","publisher":{"@id":"https:\/\/remlab10.remorqueslabelle.com\/en\/#organization"},"potentialAction":[{"@type":"SearchAction","target":{"@type":"EntryPoint","urlTemplate":"https:\/\/remlab10.remorqueslabelle.com\/en\/?s={search_term_string}"},"query-input":{"@type":"PropertyValueSpecification","valueRequired":true,"valueName":"search_term_string"}}],"inLanguage":"en-US"},{"@type":"Organization","@id":"https:\/\/remlab10.remorqueslabelle.com\/en\/#organization","name":"Remorques Labelle","url":"https:\/\/remlab10.remorqueslabelle.com\/en\/","logo":{"@type":"ImageObject","inLanguage":"en-US","@id":"https:\/\/remlab10.remorqueslabelle.com\/en\/#\/schema\/logo\/image\/","url":"https:\/\/remlab10.remorqueslabelle.com\/wp-content\/uploads\/2020\/10\/Remorques-Labelle.png","contentUrl":"https:\/\/remlab10.remorqueslabelle.com\/wp-content\/uploads\/2020\/10\/Remorques-Labelle.png","width":499,"height":151,"caption":"Remorques Labelle"},"image":{"@id":"https:\/\/remlab10.remorqueslabelle.com\/en\/#\/schema\/logo\/image\/"},"sameAs":["https:\/\/www.facebook.com\/remorqueslabellelaval\/","https:\/\/www.youtube.com\/channel\/UCx1odvVQE7tPhbZhHLThmzQ","https:\/\/www.linkedin.com\/company\/remorques-labelle\/","https:\/\/www.instagram.com\/remorqueslabelle\/"]}]}},"_links":{"self":[{"href":"https:\/\/remlab10.remorqueslabelle.com\/en\/wp-json\/wp\/v2\/product\/3744","targetHints":{"allow":["GET"]}}],"collection":[{"href":"https:\/\/remlab10.remorqueslabelle.com\/en\/wp-json\/wp\/v2\/product"}],"about":[{"href":"https:\/\/remlab10.remorqueslabelle.com\/en\/wp-json\/wp\/v2\/types\/product"}],"replies":[{"embeddable":true,"href":"https:\/\/remlab10.remorqueslabelle.com\/en\/wp-json\/wp\/v2\/comments?post=3744"}],"wp:featuredmedia":[{"embeddable":true,"href":"https:\/\/remlab10.remorqueslabelle.com\/en\/wp-json\/wp\/v2\/media\/28604"}],"wp:attachment":[{"href":"https:\/\/remlab10.remorqueslabelle.com\/en\/wp-json\/wp\/v2\/media?parent=3744"}],"wp:term":[{"taxonomy":"product_cat","embeddable":true,"href":"https:\/\/remlab10.remorqueslabelle.com\/en\/wp-json\/wp\/v2\/product_cat?post=3744"},{"taxonomy":"product_tag","embeddable":true,"href":"https:\/\/remlab10.remorqueslabelle.com\/en\/wp-json\/wp\/v2\/product_tag?post=3744"}],"curies":[{"name":"wp","href":"https:\/\/api.w.org\/{rel}","templated":true}]}}