{"id":3860,"date":"2023-02-06T15:58:33","date_gmt":"2023-02-06T20:58:33","guid":{"rendered":"https:\/\/remorqueslabelle.webloft.dev\/produit\/cylindre-tailgate-dompeur-cobravieux-modeleea35080x2n091nx\/"},"modified":"2026-01-06T11:17:26","modified_gmt":"2026-01-06T16:17:26","slug":"cylindre-tailgate-dompeur-cobra-vieux-modele","status":"publish","type":"product","link":"https:\/\/remlab10.remorqueslabelle.com\/en\/produit\/cylindre-tailgate-dompeur-cobra-vieux-modele\/","title":{"rendered":"CYLINDRE TAILGATE DOMPEUR COBRA (VIEUX MOD\u00c8LE-AVANT 2018)"},"content":{"rendered":"<h1><strong>CYLINDRE TAILGATE DOMPEUR COBRA (VIEUX MOD\u00c8LE-AVANT 2018)<\/strong><\/h1>\n<p>&nbsp;<\/p>\n<ul>\n<li><strong>#Pi\u00e8ce : <span style=\"font-weight: 400;\"><span style=\"color: #0000ff;\"><strong>EA35080X2N091NX<\/strong><\/span> | RL-02CO-01<\/span><\/strong><\/li>\n<li><strong>Localisation : <span style=\"color: #ff6600;\">1.03.04.01<\/span><\/strong><\/li>\n<li><strong>Marque :<\/strong> Cobra<\/li>\n<\/ul>\n<p><img decoding=\"async\" class=\"\" src=\"https:\/\/remorqueslabelle.com\/wp-content\/uploads\/2022\/03\/Cobra-375-X-135.png\" alt=\"Cobra Dumper Aluminum Trailer | Remorques Labelle\" width=\"239\" height=\"134\" \/><\/p>\n<p>Pour obtenir plus d\u2019information sur cette pi\u00e8ce ou pour passer une commande, contactez-nous au\u00a0<span style=\"color: #0000ff;\"><strong>450.688.3555<\/strong><\/span>\u00a0!<\/p>\n","protected":false},"excerpt":{"rendered":"<p>CYLINDRE TAILGATE DOMPEUR COBRA (VIEUX MOD\u00c8LE-AVANT 2018) &nbsp; #Pi\u00e8ce : EA35080X2N091NX | RL-02CO-01 Localisation : 1.03.04.01 Marque : Cobra Pour obtenir plus d\u2019information sur cette pi\u00e8ce ou pour passer une [&hellip;]<\/p>\n","protected":false},"featured_media":6095,"comment_status":"closed","ping_status":"closed","template":"","meta":{"_acf_changed":false},"product_cat":[67],"product_tag":[],"class_list":{"0":"post-3860","1":"product","2":"type-product","3":"status-publish","4":"has-post-thumbnail","6":"product_cat-tailgate","8":"first","9":"instock","10":"product-type-simple"},"acf":[],"yoast_head":"<!-- This site is optimized with the Yoast SEO Premium plugin v25.5 (Yoast SEO v25.5) - https:\/\/yoast.com\/wordpress\/plugins\/seo\/ -->\n<title>CYLINDRE TAILGATE DOMPEUR COBRA (VIEUX MOD\u00c8LE-AVANT 2018) | Remorques Labelle<\/title>\n<meta name=\"robots\" content=\"index, follow, max-snippet:-1, max-image-preview:large, max-video-preview:-1\" \/>\n<link rel=\"canonical\" href=\"https:\/\/remlab10.remorqueslabelle.com\/en\/produit\/cylindre-tailgate-dompeur-cobra-vieux-modele\/\" \/>\n<meta property=\"og:locale\" content=\"en_US\" \/>\n<meta property=\"og:type\" content=\"article\" \/>\n<meta property=\"og:title\" content=\"CYLINDRE TAILGATE DOMPEUR COBRA (VIEUX MOD\u00c8LE-AVANT 2018)\" \/>\n<meta property=\"og:description\" content=\"CYLINDRE TAILGATE DOMPEUR COBRA (VIEUX MOD\u00c8LE-AVANT 2018) &nbsp; #Pi\u00e8ce : EA35080X2N091NX | RL-02CO-01 Localisation : 1.03.04.01 Marque : Cobra Pour obtenir plus d\u2019information sur cette pi\u00e8ce ou pour passer une [&hellip;]\" \/>\n<meta property=\"og:url\" content=\"https:\/\/remlab10.remorqueslabelle.com\/en\/produit\/cylindre-tailgate-dompeur-cobra-vieux-modele\/\" \/>\n<meta property=\"og:site_name\" content=\"Remorques Labelle\" \/>\n<meta property=\"article:publisher\" content=\"https:\/\/www.facebook.com\/remorqueslabellelaval\/\" \/>\n<meta property=\"article:modified_time\" content=\"2026-01-06T16:17:26+00:00\" \/>\n<meta property=\"og:image\" content=\"https:\/\/remlab10.remorqueslabelle.com\/wp-content\/uploads\/2023\/03\/S1000BDC.jpg\" \/>\n\t<meta property=\"og:image:width\" content=\"640\" \/>\n\t<meta property=\"og:image:height\" content=\"480\" \/>\n\t<meta property=\"og:image:type\" content=\"image\/jpeg\" \/>\n<meta name=\"twitter:card\" content=\"summary_large_image\" \/>\n<meta name=\"twitter:label1\" content=\"Est. reading time\" \/>\n\t<meta name=\"twitter:data1\" content=\"1 minute\" \/>\n<script type=\"application\/ld+json\" class=\"yoast-schema-graph\">{\"@context\":\"https:\/\/schema.org\",\"@graph\":[{\"@type\":\"WebPage\",\"@id\":\"https:\/\/remlab10.remorqueslabelle.com\/en\/produit\/cylindre-tailgate-dompeur-cobra-vieux-modele\/\",\"url\":\"https:\/\/remlab10.remorqueslabelle.com\/en\/produit\/cylindre-tailgate-dompeur-cobra-vieux-modele\/\",\"name\":\"CYLINDRE TAILGATE DOMPEUR COBRA (VIEUX MOD\u00c8LE-AVANT 2018) | Remorques Labelle\",\"isPartOf\":{\"@id\":\"https:\/\/remlab10.remorqueslabelle.com\/en\/#website\"},\"primaryImageOfPage\":{\"@id\":\"https:\/\/remlab10.remorqueslabelle.com\/en\/produit\/cylindre-tailgate-dompeur-cobra-vieux-modele\/#primaryimage\"},\"image\":{\"@id\":\"https:\/\/remlab10.remorqueslabelle.com\/en\/produit\/cylindre-tailgate-dompeur-cobra-vieux-modele\/#primaryimage\"},\"thumbnailUrl\":\"https:\/\/remlab10.remorqueslabelle.com\/wp-content\/uploads\/2023\/03\/S1000BDC.jpg\",\"datePublished\":\"2023-02-06T20:58:33+00:00\",\"dateModified\":\"2026-01-06T16:17:26+00:00\",\"breadcrumb\":{\"@id\":\"https:\/\/remlab10.remorqueslabelle.com\/en\/produit\/cylindre-tailgate-dompeur-cobra-vieux-modele\/#breadcrumb\"},\"inLanguage\":\"en-US\",\"potentialAction\":[{\"@type\":\"ReadAction\",\"target\":[\"https:\/\/remlab10.remorqueslabelle.com\/en\/produit\/cylindre-tailgate-dompeur-cobra-vieux-modele\/\"]}]},{\"@type\":\"ImageObject\",\"inLanguage\":\"en-US\",\"@id\":\"https:\/\/remlab10.remorqueslabelle.com\/en\/produit\/cylindre-tailgate-dompeur-cobra-vieux-modele\/#primaryimage\",\"url\":\"https:\/\/remlab10.remorqueslabelle.com\/wp-content\/uploads\/2023\/03\/S1000BDC.jpg\",\"contentUrl\":\"https:\/\/remlab10.remorqueslabelle.com\/wp-content\/uploads\/2023\/03\/S1000BDC.jpg\",\"width\":640,\"height\":480,\"caption\":\"Cylindre Tailgate dompeur Cobra\"},{\"@type\":\"BreadcrumbList\",\"@id\":\"https:\/\/remlab10.remorqueslabelle.com\/en\/produit\/cylindre-tailgate-dompeur-cobra-vieux-modele\/#breadcrumb\",\"itemListElement\":[{\"@type\":\"ListItem\",\"position\":1,\"name\":\"Accueil\",\"item\":\"https:\/\/remlab10.remorqueslabelle.com\/en\/\"},{\"@type\":\"ListItem\",\"position\":2,\"name\":\"CYLINDRE TAILGATE DOMPEUR COBRA (VIEUX MOD\u00c8LE-AVANT 2018)\"}]},{\"@type\":\"WebSite\",\"@id\":\"https:\/\/remlab10.remorqueslabelle.com\/en\/#website\",\"url\":\"https:\/\/remlab10.remorqueslabelle.com\/en\/\",\"name\":\"Remorques Labelle\",\"description\":\"Concessionnaire de remorques\",\"publisher\":{\"@id\":\"https:\/\/remlab10.remorqueslabelle.com\/en\/#organization\"},\"potentialAction\":[{\"@type\":\"SearchAction\",\"target\":{\"@type\":\"EntryPoint\",\"urlTemplate\":\"https:\/\/remlab10.remorqueslabelle.com\/en\/?s={search_term_string}\"},\"query-input\":{\"@type\":\"PropertyValueSpecification\",\"valueRequired\":true,\"valueName\":\"search_term_string\"}}],\"inLanguage\":\"en-US\"},{\"@type\":\"Organization\",\"@id\":\"https:\/\/remlab10.remorqueslabelle.com\/en\/#organization\",\"name\":\"Remorques Labelle\",\"url\":\"https:\/\/remlab10.remorqueslabelle.com\/en\/\",\"logo\":{\"@type\":\"ImageObject\",\"inLanguage\":\"en-US\",\"@id\":\"https:\/\/remlab10.remorqueslabelle.com\/en\/#\/schema\/logo\/image\/\",\"url\":\"https:\/\/remlab10.remorqueslabelle.com\/wp-content\/uploads\/2020\/10\/Remorques-Labelle.png\",\"contentUrl\":\"https:\/\/remlab10.remorqueslabelle.com\/wp-content\/uploads\/2020\/10\/Remorques-Labelle.png\",\"width\":499,\"height\":151,\"caption\":\"Remorques Labelle\"},\"image\":{\"@id\":\"https:\/\/remlab10.remorqueslabelle.com\/en\/#\/schema\/logo\/image\/\"},\"sameAs\":[\"https:\/\/www.facebook.com\/remorqueslabellelaval\/\",\"https:\/\/www.youtube.com\/channel\/UCx1odvVQE7tPhbZhHLThmzQ\",\"https:\/\/www.linkedin.com\/company\/remorques-labelle\/\",\"https:\/\/www.instagram.com\/remorqueslabelle\/\"]}]}<\/script>\n<!-- \/ Yoast SEO Premium plugin. -->","yoast_head_json":{"title":"CYLINDRE TAILGATE DOMPEUR COBRA (VIEUX MOD\u00c8LE-AVANT 2018) | Remorques Labelle","robots":{"index":"index","follow":"follow","max-snippet":"max-snippet:-1","max-image-preview":"max-image-preview:large","max-video-preview":"max-video-preview:-1"},"canonical":"https:\/\/remlab10.remorqueslabelle.com\/en\/produit\/cylindre-tailgate-dompeur-cobra-vieux-modele\/","og_locale":"en_US","og_type":"article","og_title":"CYLINDRE TAILGATE DOMPEUR COBRA (VIEUX MOD\u00c8LE-AVANT 2018)","og_description":"CYLINDRE TAILGATE DOMPEUR COBRA (VIEUX MOD\u00c8LE-AVANT 2018) &nbsp; #Pi\u00e8ce : EA35080X2N091NX | RL-02CO-01 Localisation : 1.03.04.01 Marque : Cobra Pour obtenir plus d\u2019information sur cette pi\u00e8ce ou pour passer une [&hellip;]","og_url":"https:\/\/remlab10.remorqueslabelle.com\/en\/produit\/cylindre-tailgate-dompeur-cobra-vieux-modele\/","og_site_name":"Remorques Labelle","article_publisher":"https:\/\/www.facebook.com\/remorqueslabellelaval\/","article_modified_time":"2026-01-06T16:17:26+00:00","og_image":[{"width":640,"height":480,"url":"https:\/\/remlab10.remorqueslabelle.com\/wp-content\/uploads\/2023\/03\/S1000BDC.jpg","type":"image\/jpeg"}],"twitter_card":"summary_large_image","twitter_misc":{"Est. reading time":"1 minute"},"schema":{"@context":"https:\/\/schema.org","@graph":[{"@type":"WebPage","@id":"https:\/\/remlab10.remorqueslabelle.com\/en\/produit\/cylindre-tailgate-dompeur-cobra-vieux-modele\/","url":"https:\/\/remlab10.remorqueslabelle.com\/en\/produit\/cylindre-tailgate-dompeur-cobra-vieux-modele\/","name":"CYLINDRE TAILGATE DOMPEUR COBRA (VIEUX MOD\u00c8LE-AVANT 2018) | Remorques Labelle","isPartOf":{"@id":"https:\/\/remlab10.remorqueslabelle.com\/en\/#website"},"primaryImageOfPage":{"@id":"https:\/\/remlab10.remorqueslabelle.com\/en\/produit\/cylindre-tailgate-dompeur-cobra-vieux-modele\/#primaryimage"},"image":{"@id":"https:\/\/remlab10.remorqueslabelle.com\/en\/produit\/cylindre-tailgate-dompeur-cobra-vieux-modele\/#primaryimage"},"thumbnailUrl":"https:\/\/remlab10.remorqueslabelle.com\/wp-content\/uploads\/2023\/03\/S1000BDC.jpg","datePublished":"2023-02-06T20:58:33+00:00","dateModified":"2026-01-06T16:17:26+00:00","breadcrumb":{"@id":"https:\/\/remlab10.remorqueslabelle.com\/en\/produit\/cylindre-tailgate-dompeur-cobra-vieux-modele\/#breadcrumb"},"inLanguage":"en-US","potentialAction":[{"@type":"ReadAction","target":["https:\/\/remlab10.remorqueslabelle.com\/en\/produit\/cylindre-tailgate-dompeur-cobra-vieux-modele\/"]}]},{"@type":"ImageObject","inLanguage":"en-US","@id":"https:\/\/remlab10.remorqueslabelle.com\/en\/produit\/cylindre-tailgate-dompeur-cobra-vieux-modele\/#primaryimage","url":"https:\/\/remlab10.remorqueslabelle.com\/wp-content\/uploads\/2023\/03\/S1000BDC.jpg","contentUrl":"https:\/\/remlab10.remorqueslabelle.com\/wp-content\/uploads\/2023\/03\/S1000BDC.jpg","width":640,"height":480,"caption":"Cylindre Tailgate dompeur Cobra"},{"@type":"BreadcrumbList","@id":"https:\/\/remlab10.remorqueslabelle.com\/en\/produit\/cylindre-tailgate-dompeur-cobra-vieux-modele\/#breadcrumb","itemListElement":[{"@type":"ListItem","position":1,"name":"Accueil","item":"https:\/\/remlab10.remorqueslabelle.com\/en\/"},{"@type":"ListItem","position":2,"name":"CYLINDRE TAILGATE DOMPEUR COBRA (VIEUX MOD\u00c8LE-AVANT 2018)"}]},{"@type":"WebSite","@id":"https:\/\/remlab10.remorqueslabelle.com\/en\/#website","url":"https:\/\/remlab10.remorqueslabelle.com\/en\/","name":"Remorques Labelle","description":"Concessionnaire de remorques","publisher":{"@id":"https:\/\/remlab10.remorqueslabelle.com\/en\/#organization"},"potentialAction":[{"@type":"SearchAction","target":{"@type":"EntryPoint","urlTemplate":"https:\/\/remlab10.remorqueslabelle.com\/en\/?s={search_term_string}"},"query-input":{"@type":"PropertyValueSpecification","valueRequired":true,"valueName":"search_term_string"}}],"inLanguage":"en-US"},{"@type":"Organization","@id":"https:\/\/remlab10.remorqueslabelle.com\/en\/#organization","name":"Remorques Labelle","url":"https:\/\/remlab10.remorqueslabelle.com\/en\/","logo":{"@type":"ImageObject","inLanguage":"en-US","@id":"https:\/\/remlab10.remorqueslabelle.com\/en\/#\/schema\/logo\/image\/","url":"https:\/\/remlab10.remorqueslabelle.com\/wp-content\/uploads\/2020\/10\/Remorques-Labelle.png","contentUrl":"https:\/\/remlab10.remorqueslabelle.com\/wp-content\/uploads\/2020\/10\/Remorques-Labelle.png","width":499,"height":151,"caption":"Remorques Labelle"},"image":{"@id":"https:\/\/remlab10.remorqueslabelle.com\/en\/#\/schema\/logo\/image\/"},"sameAs":["https:\/\/www.facebook.com\/remorqueslabellelaval\/","https:\/\/www.youtube.com\/channel\/UCx1odvVQE7tPhbZhHLThmzQ","https:\/\/www.linkedin.com\/company\/remorques-labelle\/","https:\/\/www.instagram.com\/remorqueslabelle\/"]}]}},"_links":{"self":[{"href":"https:\/\/remlab10.remorqueslabelle.com\/en\/wp-json\/wp\/v2\/product\/3860","targetHints":{"allow":["GET"]}}],"collection":[{"href":"https:\/\/remlab10.remorqueslabelle.com\/en\/wp-json\/wp\/v2\/product"}],"about":[{"href":"https:\/\/remlab10.remorqueslabelle.com\/en\/wp-json\/wp\/v2\/types\/product"}],"replies":[{"embeddable":true,"href":"https:\/\/remlab10.remorqueslabelle.com\/en\/wp-json\/wp\/v2\/comments?post=3860"}],"wp:featuredmedia":[{"embeddable":true,"href":"https:\/\/remlab10.remorqueslabelle.com\/en\/wp-json\/wp\/v2\/media\/6095"}],"wp:attachment":[{"href":"https:\/\/remlab10.remorqueslabelle.com\/en\/wp-json\/wp\/v2\/media?parent=3860"}],"wp:term":[{"taxonomy":"product_cat","embeddable":true,"href":"https:\/\/remlab10.remorqueslabelle.com\/en\/wp-json\/wp\/v2\/product_cat?post=3860"},{"taxonomy":"product_tag","embeddable":true,"href":"https:\/\/remlab10.remorqueslabelle.com\/en\/wp-json\/wp\/v2\/product_tag?post=3860"}],"curies":[{"name":"wp","href":"https:\/\/api.w.org\/{rel}","templated":true}]}}