{"id":8243,"date":"2023-07-12T10:08:42","date_gmt":"2023-07-12T14:08:42","guid":{"rendered":"https:\/\/remorqueslabelle.com\/?post_type=product&#038;p=8243"},"modified":"2026-01-12T15:02:43","modified_gmt":"2026-01-12T20:02:43","slug":"support-a-serre-papillon-cobra","status":"publish","type":"product","link":"https:\/\/remlab10.remorqueslabelle.com\/en\/produit\/support-a-serre-papillon-cobra\/","title":{"rendered":"SUPPORT \u00c0 SERRE PAPILLON | COBRA"},"content":{"rendered":"<h1><strong>SUPPORT \u00c0 SERRE PAPILLON | <span style=\"color: #333399;\"><em>COBRA<\/em><\/span><\/strong><\/h1>\n<h3><strong><em>PI\u00c8CE POUR REMORQUE<span style=\"color: #333399;\"> COBRA | <\/span><\/em><\/strong><span style=\"color: #ff0000;\">*Pas d&#8217;oreillettes<\/span><\/h3>\n<ul>\n<li><strong><span style=\"color: #333399;\">#PI\u00c8CE :<\/span> <span style=\"color: #0000ff;\">985 2549<\/span><\/strong><\/li>\n<li><strong><span style=\"color: #333399;\">#R\u00c9F\u00c9RENCE :<\/span> <span style=\"color: #008080;\">RL-02CO-03 \/ 981 1300<\/span><\/strong><\/li>\n<li><strong><span style=\"color: #333399;\">CAT\u00c9GORIE :<\/span> TAILGATE<\/strong><\/li>\n<\/ul>\n<p>&nbsp;<\/p>\n<p><span style=\"font-weight: 400;\"><strong>Vaste inventaire<\/strong> de pi\u00e8ces pour remorques disponibles chez <\/span><i><span style=\"font-weight: 400;\">Remorques Labelle.\u00a0<\/span><\/i><\/p>\n<p><i><span style=\"font-weight: 400;\">Contactez-nous pour plus de d\u00e9tails au <\/span><\/i><span style=\"color: #0000ff;\"><strong>450 688-3555 !<\/strong><\/span><\/p>\n<p><img decoding=\"async\" class=\"\" src=\"https:\/\/remorqueslabelle.com\/wp-content\/uploads\/2022\/03\/Cobra-375-X-135.png\" alt=\"Remorque Cobra Dumper aluminum| Remorques Labelle\" width=\"184\" height=\"103\" \/><\/p>\n","protected":false},"excerpt":{"rendered":"<p>SUPPORT \u00c0 SERRE PAPILLON | COBRA PI\u00c8CE POUR REMORQUE COBRA | *Pas d&#8217;oreillettes #PI\u00c8CE : 985 2549 #R\u00c9F\u00c9RENCE : RL-02CO-03 \/ 981 1300 CAT\u00c9GORIE : TAILGATE &nbsp; Vaste inventaire de [&hellip;]<\/p>\n","protected":false},"featured_media":8244,"comment_status":"open","ping_status":"closed","template":"","meta":{"_acf_changed":false},"product_cat":[67],"product_tag":[],"class_list":{"0":"post-8243","1":"product","2":"type-product","3":"status-publish","4":"has-post-thumbnail","6":"product_cat-tailgate","8":"first","9":"instock","10":"taxable","11":"shipping-taxable","12":"product-type-simple"},"acf":[],"yoast_head":"<!-- This site is optimized with the Yoast SEO Premium plugin v25.5 (Yoast SEO v25.5) - https:\/\/yoast.com\/wordpress\/plugins\/seo\/ -->\n<title>SUPPORT \u00c0 SERRE PAPILLON | COBRA | Remorques Labelle<\/title>\n<meta name=\"description\" content=\"SUPPORT \u00c0 SERRE PAPILLON | MARQUE : COBRA | Nombreuses pi\u00e8ces pour remorques disponibles chez Remorques Labelle! | \u260e\ufe0f 450 688-3555\" \/>\n<meta name=\"robots\" content=\"index, follow, max-snippet:-1, max-image-preview:large, max-video-preview:-1\" \/>\n<link rel=\"canonical\" href=\"https:\/\/remlab10.remorqueslabelle.com\/en\/produit\/support-a-serre-papillon-cobra\/\" \/>\n<meta property=\"og:locale\" content=\"en_US\" \/>\n<meta property=\"og:type\" content=\"article\" \/>\n<meta property=\"og:title\" content=\"SUPPORT \u00c0 SERRE PAPILLON | COBRA\" \/>\n<meta property=\"og:description\" content=\"SUPPORT \u00c0 SERRE PAPILLON | MARQUE : COBRA | Nombreuses pi\u00e8ces pour remorques disponibles chez Remorques Labelle! | \u260e\ufe0f 450 688-3555\" \/>\n<meta property=\"og:url\" content=\"https:\/\/remlab10.remorqueslabelle.com\/en\/produit\/support-a-serre-papillon-cobra\/\" \/>\n<meta property=\"og:site_name\" content=\"Remorques Labelle\" \/>\n<meta property=\"article:publisher\" content=\"https:\/\/www.facebook.com\/remorqueslabellelaval\/\" \/>\n<meta property=\"article:modified_time\" content=\"2026-01-12T20:02:43+00:00\" \/>\n<meta property=\"og:image\" content=\"https:\/\/remlab10.remorqueslabelle.com\/wp-content\/uploads\/2023\/07\/Tailgate-8.jpg\" \/>\n\t<meta property=\"og:image:width\" content=\"1333\" \/>\n\t<meta property=\"og:image:height\" content=\"1000\" \/>\n\t<meta property=\"og:image:type\" content=\"image\/jpeg\" \/>\n<meta name=\"twitter:card\" content=\"summary_large_image\" \/>\n<meta name=\"twitter:label1\" content=\"Est. reading time\" \/>\n\t<meta name=\"twitter:data1\" content=\"1 minute\" \/>\n<script type=\"application\/ld+json\" class=\"yoast-schema-graph\">{\"@context\":\"https:\/\/schema.org\",\"@graph\":[{\"@type\":\"WebPage\",\"@id\":\"https:\/\/remlab10.remorqueslabelle.com\/en\/produit\/support-a-serre-papillon-cobra\/\",\"url\":\"https:\/\/remlab10.remorqueslabelle.com\/en\/produit\/support-a-serre-papillon-cobra\/\",\"name\":\"SUPPORT \u00c0 SERRE PAPILLON | COBRA | Remorques Labelle\",\"isPartOf\":{\"@id\":\"https:\/\/remlab10.remorqueslabelle.com\/en\/#website\"},\"primaryImageOfPage\":{\"@id\":\"https:\/\/remlab10.remorqueslabelle.com\/en\/produit\/support-a-serre-papillon-cobra\/#primaryimage\"},\"image\":{\"@id\":\"https:\/\/remlab10.remorqueslabelle.com\/en\/produit\/support-a-serre-papillon-cobra\/#primaryimage\"},\"thumbnailUrl\":\"https:\/\/remlab10.remorqueslabelle.com\/wp-content\/uploads\/2023\/07\/Tailgate-8.jpg\",\"datePublished\":\"2023-07-12T14:08:42+00:00\",\"dateModified\":\"2026-01-12T20:02:43+00:00\",\"description\":\"SUPPORT \u00c0 SERRE PAPILLON | MARQUE : COBRA | Nombreuses pi\u00e8ces pour remorques disponibles chez Remorques Labelle! | \u260e\ufe0f 450 688-3555\",\"breadcrumb\":{\"@id\":\"https:\/\/remlab10.remorqueslabelle.com\/en\/produit\/support-a-serre-papillon-cobra\/#breadcrumb\"},\"inLanguage\":\"en-US\",\"potentialAction\":[{\"@type\":\"ReadAction\",\"target\":[\"https:\/\/remlab10.remorqueslabelle.com\/en\/produit\/support-a-serre-papillon-cobra\/\"]}]},{\"@type\":\"ImageObject\",\"inLanguage\":\"en-US\",\"@id\":\"https:\/\/remlab10.remorqueslabelle.com\/en\/produit\/support-a-serre-papillon-cobra\/#primaryimage\",\"url\":\"https:\/\/remlab10.remorqueslabelle.com\/wp-content\/uploads\/2023\/07\/Tailgate-8.jpg\",\"contentUrl\":\"https:\/\/remlab10.remorqueslabelle.com\/wp-content\/uploads\/2023\/07\/Tailgate-8.jpg\",\"width\":1333,\"height\":1000},{\"@type\":\"BreadcrumbList\",\"@id\":\"https:\/\/remlab10.remorqueslabelle.com\/en\/produit\/support-a-serre-papillon-cobra\/#breadcrumb\",\"itemListElement\":[{\"@type\":\"ListItem\",\"position\":1,\"name\":\"Accueil\",\"item\":\"https:\/\/remlab10.remorqueslabelle.com\/en\/\"},{\"@type\":\"ListItem\",\"position\":2,\"name\":\"SUPPORT \u00c0 SERRE PAPILLON | COBRA\"}]},{\"@type\":\"WebSite\",\"@id\":\"https:\/\/remlab10.remorqueslabelle.com\/en\/#website\",\"url\":\"https:\/\/remlab10.remorqueslabelle.com\/en\/\",\"name\":\"Remorques Labelle\",\"description\":\"Concessionnaire de remorques\",\"publisher\":{\"@id\":\"https:\/\/remlab10.remorqueslabelle.com\/en\/#organization\"},\"potentialAction\":[{\"@type\":\"SearchAction\",\"target\":{\"@type\":\"EntryPoint\",\"urlTemplate\":\"https:\/\/remlab10.remorqueslabelle.com\/en\/?s={search_term_string}\"},\"query-input\":{\"@type\":\"PropertyValueSpecification\",\"valueRequired\":true,\"valueName\":\"search_term_string\"}}],\"inLanguage\":\"en-US\"},{\"@type\":\"Organization\",\"@id\":\"https:\/\/remlab10.remorqueslabelle.com\/en\/#organization\",\"name\":\"Remorques Labelle\",\"url\":\"https:\/\/remlab10.remorqueslabelle.com\/en\/\",\"logo\":{\"@type\":\"ImageObject\",\"inLanguage\":\"en-US\",\"@id\":\"https:\/\/remlab10.remorqueslabelle.com\/en\/#\/schema\/logo\/image\/\",\"url\":\"https:\/\/remlab10.remorqueslabelle.com\/wp-content\/uploads\/2020\/10\/Remorques-Labelle.png\",\"contentUrl\":\"https:\/\/remlab10.remorqueslabelle.com\/wp-content\/uploads\/2020\/10\/Remorques-Labelle.png\",\"width\":499,\"height\":151,\"caption\":\"Remorques Labelle\"},\"image\":{\"@id\":\"https:\/\/remlab10.remorqueslabelle.com\/en\/#\/schema\/logo\/image\/\"},\"sameAs\":[\"https:\/\/www.facebook.com\/remorqueslabellelaval\/\",\"https:\/\/www.youtube.com\/channel\/UCx1odvVQE7tPhbZhHLThmzQ\",\"https:\/\/www.linkedin.com\/company\/remorques-labelle\/\",\"https:\/\/www.instagram.com\/remorqueslabelle\/\"]}]}<\/script>\n<!-- \/ Yoast SEO Premium plugin. -->","yoast_head_json":{"title":"SUPPORT \u00c0 SERRE PAPILLON | COBRA | Remorques Labelle","description":"SUPPORT \u00c0 SERRE PAPILLON | MARQUE : COBRA | Nombreuses pi\u00e8ces pour remorques disponibles chez Remorques Labelle! | \u260e\ufe0f 450 688-3555","robots":{"index":"index","follow":"follow","max-snippet":"max-snippet:-1","max-image-preview":"max-image-preview:large","max-video-preview":"max-video-preview:-1"},"canonical":"https:\/\/remlab10.remorqueslabelle.com\/en\/produit\/support-a-serre-papillon-cobra\/","og_locale":"en_US","og_type":"article","og_title":"SUPPORT \u00c0 SERRE PAPILLON | COBRA","og_description":"SUPPORT \u00c0 SERRE PAPILLON | MARQUE : COBRA | Nombreuses pi\u00e8ces pour remorques disponibles chez Remorques Labelle! | \u260e\ufe0f 450 688-3555","og_url":"https:\/\/remlab10.remorqueslabelle.com\/en\/produit\/support-a-serre-papillon-cobra\/","og_site_name":"Remorques Labelle","article_publisher":"https:\/\/www.facebook.com\/remorqueslabellelaval\/","article_modified_time":"2026-01-12T20:02:43+00:00","og_image":[{"width":1333,"height":1000,"url":"https:\/\/remlab10.remorqueslabelle.com\/wp-content\/uploads\/2023\/07\/Tailgate-8.jpg","type":"image\/jpeg"}],"twitter_card":"summary_large_image","twitter_misc":{"Est. reading time":"1 minute"},"schema":{"@context":"https:\/\/schema.org","@graph":[{"@type":"WebPage","@id":"https:\/\/remlab10.remorqueslabelle.com\/en\/produit\/support-a-serre-papillon-cobra\/","url":"https:\/\/remlab10.remorqueslabelle.com\/en\/produit\/support-a-serre-papillon-cobra\/","name":"SUPPORT \u00c0 SERRE PAPILLON | COBRA | Remorques Labelle","isPartOf":{"@id":"https:\/\/remlab10.remorqueslabelle.com\/en\/#website"},"primaryImageOfPage":{"@id":"https:\/\/remlab10.remorqueslabelle.com\/en\/produit\/support-a-serre-papillon-cobra\/#primaryimage"},"image":{"@id":"https:\/\/remlab10.remorqueslabelle.com\/en\/produit\/support-a-serre-papillon-cobra\/#primaryimage"},"thumbnailUrl":"https:\/\/remlab10.remorqueslabelle.com\/wp-content\/uploads\/2023\/07\/Tailgate-8.jpg","datePublished":"2023-07-12T14:08:42+00:00","dateModified":"2026-01-12T20:02:43+00:00","description":"SUPPORT \u00c0 SERRE PAPILLON | MARQUE : COBRA | Nombreuses pi\u00e8ces pour remorques disponibles chez Remorques Labelle! | \u260e\ufe0f 450 688-3555","breadcrumb":{"@id":"https:\/\/remlab10.remorqueslabelle.com\/en\/produit\/support-a-serre-papillon-cobra\/#breadcrumb"},"inLanguage":"en-US","potentialAction":[{"@type":"ReadAction","target":["https:\/\/remlab10.remorqueslabelle.com\/en\/produit\/support-a-serre-papillon-cobra\/"]}]},{"@type":"ImageObject","inLanguage":"en-US","@id":"https:\/\/remlab10.remorqueslabelle.com\/en\/produit\/support-a-serre-papillon-cobra\/#primaryimage","url":"https:\/\/remlab10.remorqueslabelle.com\/wp-content\/uploads\/2023\/07\/Tailgate-8.jpg","contentUrl":"https:\/\/remlab10.remorqueslabelle.com\/wp-content\/uploads\/2023\/07\/Tailgate-8.jpg","width":1333,"height":1000},{"@type":"BreadcrumbList","@id":"https:\/\/remlab10.remorqueslabelle.com\/en\/produit\/support-a-serre-papillon-cobra\/#breadcrumb","itemListElement":[{"@type":"ListItem","position":1,"name":"Accueil","item":"https:\/\/remlab10.remorqueslabelle.com\/en\/"},{"@type":"ListItem","position":2,"name":"SUPPORT \u00c0 SERRE PAPILLON | COBRA"}]},{"@type":"WebSite","@id":"https:\/\/remlab10.remorqueslabelle.com\/en\/#website","url":"https:\/\/remlab10.remorqueslabelle.com\/en\/","name":"Remorques Labelle","description":"Concessionnaire de remorques","publisher":{"@id":"https:\/\/remlab10.remorqueslabelle.com\/en\/#organization"},"potentialAction":[{"@type":"SearchAction","target":{"@type":"EntryPoint","urlTemplate":"https:\/\/remlab10.remorqueslabelle.com\/en\/?s={search_term_string}"},"query-input":{"@type":"PropertyValueSpecification","valueRequired":true,"valueName":"search_term_string"}}],"inLanguage":"en-US"},{"@type":"Organization","@id":"https:\/\/remlab10.remorqueslabelle.com\/en\/#organization","name":"Remorques Labelle","url":"https:\/\/remlab10.remorqueslabelle.com\/en\/","logo":{"@type":"ImageObject","inLanguage":"en-US","@id":"https:\/\/remlab10.remorqueslabelle.com\/en\/#\/schema\/logo\/image\/","url":"https:\/\/remlab10.remorqueslabelle.com\/wp-content\/uploads\/2020\/10\/Remorques-Labelle.png","contentUrl":"https:\/\/remlab10.remorqueslabelle.com\/wp-content\/uploads\/2020\/10\/Remorques-Labelle.png","width":499,"height":151,"caption":"Remorques Labelle"},"image":{"@id":"https:\/\/remlab10.remorqueslabelle.com\/en\/#\/schema\/logo\/image\/"},"sameAs":["https:\/\/www.facebook.com\/remorqueslabellelaval\/","https:\/\/www.youtube.com\/channel\/UCx1odvVQE7tPhbZhHLThmzQ","https:\/\/www.linkedin.com\/company\/remorques-labelle\/","https:\/\/www.instagram.com\/remorqueslabelle\/"]}]}},"_links":{"self":[{"href":"https:\/\/remlab10.remorqueslabelle.com\/en\/wp-json\/wp\/v2\/product\/8243","targetHints":{"allow":["GET"]}}],"collection":[{"href":"https:\/\/remlab10.remorqueslabelle.com\/en\/wp-json\/wp\/v2\/product"}],"about":[{"href":"https:\/\/remlab10.remorqueslabelle.com\/en\/wp-json\/wp\/v2\/types\/product"}],"replies":[{"embeddable":true,"href":"https:\/\/remlab10.remorqueslabelle.com\/en\/wp-json\/wp\/v2\/comments?post=8243"}],"wp:featuredmedia":[{"embeddable":true,"href":"https:\/\/remlab10.remorqueslabelle.com\/en\/wp-json\/wp\/v2\/media\/8244"}],"wp:attachment":[{"href":"https:\/\/remlab10.remorqueslabelle.com\/en\/wp-json\/wp\/v2\/media?parent=8243"}],"wp:term":[{"taxonomy":"product_cat","embeddable":true,"href":"https:\/\/remlab10.remorqueslabelle.com\/en\/wp-json\/wp\/v2\/product_cat?post=8243"},{"taxonomy":"product_tag","embeddable":true,"href":"https:\/\/remlab10.remorqueslabelle.com\/en\/wp-json\/wp\/v2\/product_tag?post=8243"}],"curies":[{"name":"wp","href":"https:\/\/api.w.org\/{rel}","templated":true}]}}